{"id":1241,"date":"2022-07-29T17:36:26","date_gmt":"2022-07-29T17:36:26","guid":{"rendered":"http:\/\/innovacioneducativa.imss.gob.mx\/sitio_wp\/?page_id=1241"},"modified":"2022-08-08T18:53:56","modified_gmt":"2022-08-08T18:53:56","slug":"aviso-de-privacidad","status":"publish","type":"page","link":"https:\/\/innovacioneducativa.imss.gob.mx\/sitio_wp\/aviso-de-privacidad\/","title":{"rendered":"Aviso legal y de privacidad"},"content":{"rendered":"\n<p>En cumplimiento con lo se\u00f1alado en la Ley Federal de Transparencia y Acceso a la Informaci\u00f3n P\u00fablica, Ley General de Transparencia y Acceso a la Informaci\u00f3n P\u00fablica, as\u00ed como en los Lineamientos de Protecci\u00f3n de Datos Personales, se establece lo siguiente:<\/p>\n\n\n\n<p class=\"has-background\" style=\"background-color:#e6e6e6\">Se utilizan tecnolog\u00edas de Internet para administrar nuestro sitio Web y el correo electr\u00f3nico, pero no con la finalidad de reunir ni almacenar informaci\u00f3n personal.<\/p>\n\n\n\n<p class=\"has-background\" style=\"background-color:#e6e6e6\">Los datos personales que obtenga el Instituto, a trav\u00e9s de la Divisi\u00f3n de Innovaci\u00f3n Educativa de la Coordinaci\u00f3n de Educaci\u00f3n en Salud, en el ejercicio de las funciones establecidas en el Manual de Organizaci\u00f3n de la Direcci\u00f3n de Prestaciones M\u00e9dicas con relaci\u00f3n al art\u00edculo 82 del Reglamento Interior del Instituto Mexicano del Seguro Social (IMSS), no ser\u00e1n transmitidos, \u00fanicamente de los que se cuente con el consentimiento podr\u00e1n ser publicados, empleados, y\/o reproducidos en los en materiales educativos, en p\u00e1ginas web o redes sociales de la Instituci\u00f3n, para la difusi\u00f3n y promoci\u00f3n de aspectos educativos en materia de salud, y\/o en t\u00e9rminos expresamente otorgados.<\/p>\n\n\n\n<p class=\"has-background\" style=\"background-color:#e6e6e6\">Se podr\u00e1 permitir el acceso a la informaci\u00f3n confidencial sin consentimiento de los titulares de la misma, en los casos establecidos en el art\u00edculo 117 de la Ley Federal de Transparencia y Acceso a la Informaci\u00f3n P\u00fablica, para lo cual, el IMSS se compromete a tratar dicha informaci\u00f3n de conformidad con los principios de licitud, calidad, acceso y correcci\u00f3n de informaci\u00f3n, seguridad, custodia, y consentimiento para su transmisi\u00f3n.<\/p>\n\n\n\n<p class=\"has-background\" style=\"background-color:#e6e6e6\">La solicitud de correcci\u00f3n parcial o total de datos personales, s\u00f3lo podr\u00e1 ser formulada por el interesado titular de los mismos o su representante legal debidamente acreditados, a trav\u00e9s del correo electr\u00f3nico&nbsp;<a href=\"mailto:soporte.innovaedu@imss.gob.mx\">soporte.innovaedu@imss.gob.mx<\/a>,&nbsp;de conformidad con lo establecido en los Lineamientos de Protecci\u00f3n de Datos Personales, mismos que deber\u00e1n observar las dependencias y entidades de la Administraci\u00f3n P\u00fablica Federal en la recepci\u00f3n, procesamiento, tr\u00e1mite, resoluci\u00f3n y notificaci\u00f3n de las solicitudes de correcci\u00f3n de datos personales que formulen los particulares.<\/p>\n\n\n\n<p class=\"has-background\" style=\"background-color:#e6e6e6\">La informaci\u00f3n que sea proporcionada a trav\u00e9s del formulario del buz\u00f3n, se utilizaran para establecer contacto con los usuarios con relaci\u00f3n a sus solicitudes o comentarios, asimismo, puede ser incluida dentro de los informes que se elaboran para el seguimiento de avances institucionales del IMSS, los cuales ser\u00e1n meramente estad\u00edsticos y no incluir\u00e1n informaci\u00f3n que permita identificarle en lo individual, asimismo, ser\u00e1n protegidos en t\u00e9rminos de los art\u00edculos 3, 113 fracci\u00f3n I, 117 y dem\u00e1s correlativos de la Ley Federal de Transparencia y Acceso a la Informaci\u00f3n P\u00fablica, as\u00ed como de la Ley General de Transparencia y Acceso a la Informaci\u00f3n P\u00fablica, de los Lineamientos de Protecci\u00f3n de Datos Personales y dem\u00e1s normatividad aplicable en la materia.<\/p>\n\n\n\n<p class=\"has-background\" style=\"background-color:#e6e6e6\">El Instituto compromete a su personal que tiene acceso a datos personales en el ejercicio de sus funciones o intervenci\u00f3n en cualquier fase del tratamiento, a mantener confidencialidad respecto de dicha informaci\u00f3n. El Instituto informar\u00e1 por este medio sobre cualquier cambio a la Pol\u00edtica de Privacidad y Manejo de Datos Personales.La presente pol\u00edtica de privacidad se limita a la informaci\u00f3n proporcionada al Instituto Mexicano del Seguro Social a trav\u00e9s del sitio web de la Divisi\u00f3n de Innovaci\u00f3n Educativa y la informaci\u00f3n publicada bajo el nombre del dominio&nbsp;<a href=\"http:\/\/innovacioneducativa.imss.gob.mx\/\">http:\/\/innovacioneducativa.imss.gob.mx\/<\/a><\/p>\n","protected":false},"excerpt":{"rendered":"<p>En cumplimiento con lo se\u00f1alado en la Ley Federal de Transparencia y Acceso a la Informaci\u00f3n P\u00fablica, Ley General de Transparencia y Acceso a la Informaci\u00f3n P\u00fablica, as\u00ed como en los Lineamientos de Protecci\u00f3n de Datos Personales, se establece lo siguiente: Se utilizan tecnolog\u00edas de Internet para administrar nuestro sitio Web y el correo electr\u00f3nico, [&hellip;]<\/p>\n","protected":false},"author":1,"featured_media":0,"parent":0,"menu_order":0,"comment_status":"closed","ping_status":"closed","template":"generica.php","meta":{"_monsterinsights_skip_tracking":false,"_monsterinsights_sitenote_active":false,"_monsterinsights_sitenote_note":"","_monsterinsights_sitenote_category":0,"footnotes":""},"class_list":["post-1241","page","type-page","status-publish","hentry"],"_links":{"self":[{"href":"https:\/\/innovacioneducativa.imss.gob.mx\/sitio_wp\/wp-json\/wp\/v2\/pages\/1241","targetHints":{"allow":["GET"]}}],"collection":[{"href":"https:\/\/innovacioneducativa.imss.gob.mx\/sitio_wp\/wp-json\/wp\/v2\/pages"}],"about":[{"href":"https:\/\/innovacioneducativa.imss.gob.mx\/sitio_wp\/wp-json\/wp\/v2\/types\/page"}],"author":[{"embeddable":true,"href":"https:\/\/innovacioneducativa.imss.gob.mx\/sitio_wp\/wp-json\/wp\/v2\/users\/1"}],"replies":[{"embeddable":true,"href":"https:\/\/innovacioneducativa.imss.gob.mx\/sitio_wp\/wp-json\/wp\/v2\/comments?post=1241"}],"version-history":[{"count":11,"href":"https:\/\/innovacioneducativa.imss.gob.mx\/sitio_wp\/wp-json\/wp\/v2\/pages\/1241\/revisions"}],"predecessor-version":[{"id":1543,"href":"https:\/\/innovacioneducativa.imss.gob.mx\/sitio_wp\/wp-json\/wp\/v2\/pages\/1241\/revisions\/1543"}],"wp:attachment":[{"href":"https:\/\/innovacioneducativa.imss.gob.mx\/sitio_wp\/wp-json\/wp\/v2\/media?parent=1241"}],"curies":[{"name":"wp","href":"https:\/\/api.w.org\/{rel}","templated":true}]}}