{"id":1510,"date":"2022-08-04T18:28:40","date_gmt":"2022-08-04T18:28:40","guid":{"rendered":"http:\/\/innovacioneducativa.imss.gob.mx\/sitio_wp\/?page_id=1510"},"modified":"2022-08-09T18:14:04","modified_gmt":"2022-08-09T18:14:04","slug":"mapa-de-sitio","status":"publish","type":"page","link":"https:\/\/innovacioneducativa.imss.gob.mx\/sitio_wp\/mapa-de-sitio\/","title":{"rendered":"Mapa de sitio"},"content":{"rendered":"\n<p><strong><a href=\"http:\/\/innovacioneducativa.imss.gob.mx\/sitio_wp\">Inicio<\/a><\/strong><\/p>\n\n\n\n<p><strong><a href=\"http:\/\/innovacioneducativa.imss.gob.mx\/sitio_wp\/acerca\/\">Acerca de<\/a><\/strong><\/p>\n\n\n\n<p><strong><a href=\"http:\/\/innovacioneducativa.imss.gob.mx\/sitio_wp\/educacion-a-distancia\/\">Educaci\u00f3n a Distancia<\/a><\/strong><\/p>\n\n\n\n<ul class=\"wp-block-list\"><li><a href=\"http:\/\/innovacioneducativa.imss.gob.mx\/sitio_wp\/category\/curso\/\">EaDIMSS<\/a><\/li><li><a href=\"http:\/\/innovacioneducativa.imss.gob.mx\/microaprendizajes\/sied\/app\/mca\/ofertaEducativa.php\">Microaprendizaje<\/a><\/li><li><a href=\"http:\/\/innovacioneducativa.imss.gob.mx\/dpe\/lms\/login\/index.php\">Pregrado<\/a><\/li><li>Educast<\/li><\/ul>\n\n\n\n<p><strong><a href=\"http:\/\/innovacioneducativa.imss.gob.mx\/sitio_wp\/educacion-presencial\/\">Educaci\u00f3n Presencial<\/a><\/strong><\/p>\n\n\n\n<ul class=\"wp-block-list\"><li><a href=\"http:\/\/educacionensalud.imss.gob.mx\/ces_wp\/wp-content\/uploads\/2022\/03\/Solicitud_capacitacioi%CC%80n_2022.pdf\">Solicitud de capacitaci\u00f3n<\/a><\/li><li><a href=\"http:\/\/educacionensalud.imss.gob.mx\/ces_wp\/wp-content\/uploads\/2021\/08\/Encuesta_de_satisfaccion_2021.pdf\">Cat\u00e1logo de cursos de Educaci\u00f3n Presencial en Salud<\/a><\/li><\/ul>\n\n\n\n<p><strong><a href=\"http:\/\/innovacioneducativa.imss.gob.mx\/sitio_wp\/amte\/\">\u00c1rea de Medios y Tecnolog\u00edas en Educaci\u00f3n<\/a> <\/strong><\/p>\n\n\n\n<p><strong><a href=\"http:\/\/innovacioneducativa.imss.gob.mx\/sitio_wp\/gestion\/\">Gesti\u00f3n del Conocimiento<\/a><\/strong><\/p>\n\n\n\n<p><strong><a href=\"http:\/\/innovacioneducativa.imss.gob.mx\/sitio_wp\/buzon-de-contacto\/\">Buz\u00f3n<\/a><\/strong><\/p>\n","protected":false},"excerpt":{"rendered":"<p>Inicio Acerca de Educaci\u00f3n a Distancia EaDIMSS Microaprendizaje Pregrado Educast Educaci\u00f3n Presencial Solicitud de capacitaci\u00f3n Cat\u00e1logo de cursos de Educaci\u00f3n Presencial en Salud \u00c1rea de Medios y Tecnolog\u00edas en Educaci\u00f3n Gesti\u00f3n del Conocimiento Buz\u00f3n<\/p>\n","protected":false},"author":1,"featured_media":0,"parent":0,"menu_order":0,"comment_status":"closed","ping_status":"closed","template":"generica.php","meta":{"_monsterinsights_skip_tracking":false,"_monsterinsights_sitenote_active":false,"_monsterinsights_sitenote_note":"","_monsterinsights_sitenote_category":0,"footnotes":""},"class_list":["post-1510","page","type-page","status-publish","hentry"],"_links":{"self":[{"href":"https:\/\/innovacioneducativa.imss.gob.mx\/sitio_wp\/wp-json\/wp\/v2\/pages\/1510","targetHints":{"allow":["GET"]}}],"collection":[{"href":"https:\/\/innovacioneducativa.imss.gob.mx\/sitio_wp\/wp-json\/wp\/v2\/pages"}],"about":[{"href":"https:\/\/innovacioneducativa.imss.gob.mx\/sitio_wp\/wp-json\/wp\/v2\/types\/page"}],"author":[{"embeddable":true,"href":"https:\/\/innovacioneducativa.imss.gob.mx\/sitio_wp\/wp-json\/wp\/v2\/users\/1"}],"replies":[{"embeddable":true,"href":"https:\/\/innovacioneducativa.imss.gob.mx\/sitio_wp\/wp-json\/wp\/v2\/comments?post=1510"}],"version-history":[{"count":9,"href":"https:\/\/innovacioneducativa.imss.gob.mx\/sitio_wp\/wp-json\/wp\/v2\/pages\/1510\/revisions"}],"predecessor-version":[{"id":2321,"href":"https:\/\/innovacioneducativa.imss.gob.mx\/sitio_wp\/wp-json\/wp\/v2\/pages\/1510\/revisions\/2321"}],"wp:attachment":[{"href":"https:\/\/innovacioneducativa.imss.gob.mx\/sitio_wp\/wp-json\/wp\/v2\/media?parent=1510"}],"curies":[{"name":"wp","href":"https:\/\/api.w.org\/{rel}","templated":true}]}}