{"id":1514,"date":"2022-08-04T18:49:39","date_gmt":"2022-08-04T18:49:39","guid":{"rendered":"http:\/\/innovacioneducativa.imss.gob.mx\/sitio_wp\/?page_id=1514"},"modified":"2022-08-05T20:42:03","modified_gmt":"2022-08-05T20:42:03","slug":"creditos","status":"publish","type":"page","link":"https:\/\/innovacioneducativa.imss.gob.mx\/sitio_wp\/creditos\/","title":{"rendered":"Cr\u00e9ditos"},"content":{"rendered":"\n<p>Dra. Carolina del C. Ortega Franco<\/p>\n\n\n\n<p><em><strong>Titular de la Coordinaci\u00f3n de Educaci\u00f3n en Salud<\/strong><\/em><\/p>\n\n\n\n<p>Dr. Jes\u00fas Ojino Sosa Garc\u00eda<\/p>\n\n\n\n<p><em><strong>Titular de la Divisi\u00f3n de Educaci\u00f3n Permanente en Salud<\/strong><\/em><\/p>\n\n\n\n<p>Dra. Priscila Ang\u00e9lica Montealegre Ram\u00edrez<\/p>\n\n\n\n<p><em><strong>Jefa del \u00c1rea de gesti\u00f3n del conocimiento<\/strong><\/em><\/p>\n\n\n\n<p>Dra. Mar\u00eda Teresa \u00c1valos Carranza<\/p>\n\n\n\n<p><strong>Jefe del \u00c1rea de implementaciones presenciales<\/strong><\/p>\n\n\n\n<p>Lic. Christian Mario V\u00e1zquez Morales&nbsp;<\/p>\n\n\n\n<p><strong>Jefe del \u00c1rea de Medios y Tecnolog\u00edas en Educaci\u00f3n<\/strong><\/p>\n","protected":false},"excerpt":{"rendered":"<p>Dra. Carolina del C. Ortega Franco Titular de la Coordinaci\u00f3n de Educaci\u00f3n en Salud Dr. Jes\u00fas Ojino Sosa Garc\u00eda Titular de la Divisi\u00f3n de Educaci\u00f3n Permanente en Salud Dra. Priscila Ang\u00e9lica Montealegre Ram\u00edrez Jefa del \u00c1rea de gesti\u00f3n del conocimiento Dra. Mar\u00eda Teresa \u00c1valos Carranza Jefe del \u00c1rea de implementaciones presenciales Lic. Christian Mario V\u00e1zquez [&hellip;]<\/p>\n","protected":false},"author":1,"featured_media":0,"parent":0,"menu_order":0,"comment_status":"closed","ping_status":"closed","template":"generica.php","meta":{"_monsterinsights_skip_tracking":false,"_monsterinsights_sitenote_active":false,"_monsterinsights_sitenote_note":"","_monsterinsights_sitenote_category":0,"footnotes":""},"class_list":["post-1514","page","type-page","status-publish","hentry"],"_links":{"self":[{"href":"https:\/\/innovacioneducativa.imss.gob.mx\/sitio_wp\/wp-json\/wp\/v2\/pages\/1514","targetHints":{"allow":["GET"]}}],"collection":[{"href":"https:\/\/innovacioneducativa.imss.gob.mx\/sitio_wp\/wp-json\/wp\/v2\/pages"}],"about":[{"href":"https:\/\/innovacioneducativa.imss.gob.mx\/sitio_wp\/wp-json\/wp\/v2\/types\/page"}],"author":[{"embeddable":true,"href":"https:\/\/innovacioneducativa.imss.gob.mx\/sitio_wp\/wp-json\/wp\/v2\/users\/1"}],"replies":[{"embeddable":true,"href":"https:\/\/innovacioneducativa.imss.gob.mx\/sitio_wp\/wp-json\/wp\/v2\/comments?post=1514"}],"version-history":[{"count":2,"href":"https:\/\/innovacioneducativa.imss.gob.mx\/sitio_wp\/wp-json\/wp\/v2\/pages\/1514\/revisions"}],"predecessor-version":[{"id":1541,"href":"https:\/\/innovacioneducativa.imss.gob.mx\/sitio_wp\/wp-json\/wp\/v2\/pages\/1514\/revisions\/1541"}],"wp:attachment":[{"href":"https:\/\/innovacioneducativa.imss.gob.mx\/sitio_wp\/wp-json\/wp\/v2\/media?parent=1514"}],"curies":[{"name":"wp","href":"https:\/\/api.w.org\/{rel}","templated":true}]}}