{"id":1523,"date":"2022-08-05T20:08:35","date_gmt":"2022-08-05T20:08:35","guid":{"rendered":"http:\/\/innovacioneducativa.imss.gob.mx\/sitio_wp\/?page_id=1523"},"modified":"2023-09-21T16:51:59","modified_gmt":"2023-09-21T16:51:59","slug":"normatividad","status":"publish","type":"page","link":"https:\/\/innovacioneducativa.imss.gob.mx\/sitio_wp\/normatividad\/","title":{"rendered":"Normatividad"},"content":{"rendered":"\n<h2 class=\"wp-block-heading\">Profesionalizaci\u00f3n Docente<\/h2>\n\n\n\n<p><a href=\"http:\/\/innovacioneducativa.imss.gob.mx\/sitio_wp\/wp-content\/uploads\/2022\/08\/2000-001-013.pdf\" target=\"_blank\" rel=\"noreferrer noopener\">Norma que establece las disposiciones para la carrera docente institucional del personal del \u00e1rea de la salud del Instituto Mexicano del Seguro Social&nbsp;&nbsp;<\/a><\/p>\n\n\n\n<p><a href=\"http:\/\/innovacioneducativa.imss.gob.mx\/sitio_wp\/wp-content\/uploads\/2022\/08\/2-2520-003-011.pdf\" target=\"_blank\" rel=\"noreferrer noopener\">Procedimiento para la evaluaci\u00f3n curricular del personal de salud del Instituto Mexicano del Seguro Social que realiza labores docentes&nbsp;&nbsp;<\/a><\/p>\n\n\n\n<p><a href=\"http:\/\/innovacioneducativa.imss.gob.mx\/sitio_wp\/wp-content\/uploads\/2022\/08\/3-2000-002-007_-ManualdeOrganizaciondelosCIEFD.pdf\" target=\"_blank\" rel=\"noreferrer noopener\">Manual de Organizaci\u00f3n de los Centros de Investigaci\u00f3n Educativa y Formaci\u00f3n Docente&nbsp;<\/a><\/p>\n\n\n\n<h2 class=\"wp-block-heading\">Sistema Bibliotecario del IMSS<\/h2>\n\n\n\n<p><a href=\"http:\/\/innovacioneducativa.imss.gob.mx\/sitio_wp\/wp-content\/uploads\/2022\/08\/4-2520-003-001.pdf\" target=\"_blank\" rel=\"noreferrer noopener\">Procedimiento para elaborar el programa anual de trabajo de las Unidades de Informaci\u00f3n del Sistema Bibliotecario del del Instituto Mexicano del Seguro Social&nbsp;&nbsp;<\/a><\/p>\n\n\n\n<p><a href=\"http:\/\/innovacioneducativa.imss.gob.mx\/sitio_wp\/wp-content\/uploads\/2022\/08\/5-2520-003-005.pdf\" target=\"_blank\" rel=\"noreferrer noopener\">Procedimiento para realizar el desarrollo de colecciones en las Unidades de Informaci\u00f3n del Sistema Bibliotecario del IMSS&nbsp;&nbsp;<\/a><\/p>\n\n\n\n<p><a href=\"http:\/\/innovacioneducativa.imss.gob.mx\/sitio_wp\/wp-content\/uploads\/2022\/08\/6-2520-003-009.pdf\" target=\"_blank\" rel=\"noreferrer noopener\">Procedimiento para la formaci\u00f3n de usuarios en las Unidades de Informaci\u00f3n del Sistema Bibliotecario del IMSS&nbsp;&nbsp;<\/a><\/p>\n\n\n\n<p><a href=\"http:\/\/innovacioneducativa.imss.gob.mx\/sitio_wp\/wp-content\/uploads\/2022\/08\/7-2520-003-010-Publicada.pdf\" target=\"_blank\" rel=\"noreferrer noopener\">Procedimiento para la apertura, transformaci\u00f3n y baja de Unidades de Informaci\u00f3n del Sistema Bibliotecario del IMSS&nbsp;<\/a><\/p>\n\n\n\n<p><a href=\"http:\/\/innovacioneducativa.imss.gob.mx\/sitio_wp\/wp-content\/uploads\/2022\/08\/8-Procedimiento-SBIMSS_2520-003-012.pdf\" target=\"_blank\" rel=\"noreferrer noopener\">Procedimiento para el an\u00e1lisis y clasificaci\u00f3n del material bibliogr\u00e1fico en las Unidades de Informaci\u00f3n del Sistema Bibliotecario del IMSS<\/a><\/p>\n\n\n\n<p><a href=\"http:\/\/innovacioneducativa.imss.gob.mx\/sitio_wp\/wp-content\/uploads\/2022\/08\/9-2520-003-015.pdf\" target=\"_blank\" rel=\"noreferrer noopener\">Procedimiento para otorgar los servicios bibliotecarios en&nbsp; Unidades de Informaci\u00f3n del Sistema Bibliotecario del IMSS<\/a><\/p>\n\n\n\n<h2 class=\"wp-block-heading\">&nbsp;<\/h2>\n\n\n\n<h2 class=\"wp-block-heading\">Educaci\u00f3n a Distancia<\/h2>\n\n\n\n<p><a href=\"http:\/\/innovacioneducativa.imss.gob.mx\/sitio_wp\/wp-content\/uploads\/2022\/08\/10-2000-001-025.pdf\" target=\"_blank\" rel=\"noreferrer noopener\">Norma que establece las disposiciones para la Educaci\u00f3n a Distancia en el Instituto Mexicano del Seguro Social&nbsp;<\/a><\/p>\n\n\n\n<p><a href=\"http:\/\/innovacioneducativa.imss.gob.mx\/sitio_wp\/wp-content\/uploads\/2023\/09\/Procedimiento-Cursos-Educacion-Distancia.pdf\" target=\"_blank\" rel=\"noreferrer noopener\">Procedimiento para seguir el cumplimiento de las actividades de aprendizaje de los cursos a distancia\u00a0<\/a><\/p>\n","protected":false},"excerpt":{"rendered":"<p>Profesionalizaci\u00f3n Docente Norma que establece las disposiciones para la carrera docente institucional del personal del \u00e1rea de la salud del Instituto Mexicano del Seguro Social&nbsp;&nbsp; Procedimiento para la evaluaci\u00f3n curricular del personal de salud del Instituto Mexicano del Seguro Social que realiza labores docentes&nbsp;&nbsp; Manual de Organizaci\u00f3n de los Centros de Investigaci\u00f3n Educativa y Formaci\u00f3n [&hellip;]<\/p>\n","protected":false},"author":1,"featured_media":0,"parent":0,"menu_order":0,"comment_status":"closed","ping_status":"closed","template":"generica.php","meta":{"_monsterinsights_skip_tracking":false,"_monsterinsights_sitenote_active":false,"_monsterinsights_sitenote_note":"","_monsterinsights_sitenote_category":0,"footnotes":""},"class_list":["post-1523","page","type-page","status-publish","hentry"],"_links":{"self":[{"href":"https:\/\/innovacioneducativa.imss.gob.mx\/sitio_wp\/wp-json\/wp\/v2\/pages\/1523","targetHints":{"allow":["GET"]}}],"collection":[{"href":"https:\/\/innovacioneducativa.imss.gob.mx\/sitio_wp\/wp-json\/wp\/v2\/pages"}],"about":[{"href":"https:\/\/innovacioneducativa.imss.gob.mx\/sitio_wp\/wp-json\/wp\/v2\/types\/page"}],"author":[{"embeddable":true,"href":"https:\/\/innovacioneducativa.imss.gob.mx\/sitio_wp\/wp-json\/wp\/v2\/users\/1"}],"replies":[{"embeddable":true,"href":"https:\/\/innovacioneducativa.imss.gob.mx\/sitio_wp\/wp-json\/wp\/v2\/comments?post=1523"}],"version-history":[{"count":4,"href":"https:\/\/innovacioneducativa.imss.gob.mx\/sitio_wp\/wp-json\/wp\/v2\/pages\/1523\/revisions"}],"predecessor-version":[{"id":5722,"href":"https:\/\/innovacioneducativa.imss.gob.mx\/sitio_wp\/wp-json\/wp\/v2\/pages\/1523\/revisions\/5722"}],"wp:attachment":[{"href":"https:\/\/innovacioneducativa.imss.gob.mx\/sitio_wp\/wp-json\/wp\/v2\/media?parent=1523"}],"curies":[{"name":"wp","href":"https:\/\/api.w.org\/{rel}","templated":true}]}}