{"id":6589,"date":"2024-01-19T15:27:59","date_gmt":"2024-01-19T15:27:59","guid":{"rendered":"https:\/\/innovacioneducativa.imss.gob.mx\/sitio_wp\/?page_id=6589"},"modified":"2025-10-16T18:31:40","modified_gmt":"2025-10-16T18:31:40","slug":"centros-de-simulacion-para-la-excelencia-clinica-y-quirurgica","status":"publish","type":"page","link":"https:\/\/innovacioneducativa.imss.gob.mx\/sitio_wp\/centros-de-simulacion-para-la-excelencia-clinica-y-quirurgica\/","title":{"rendered":"Centros de Simulaci\u00f3n para la Excelencia Cl\u00ednica y Quir\u00fargica"},"content":{"rendered":"","protected":false},"excerpt":{"rendered":"","protected":false},"author":1,"featured_media":0,"parent":0,"menu_order":0,"comment_status":"closed","ping_status":"closed","template":"generic-theme.php","meta":{"_monsterinsights_skip_tracking":false,"_monsterinsights_sitenote_active":false,"_monsterinsights_sitenote_note":"","_monsterinsights_sitenote_category":0,"footnotes":""},"class_list":["post-6589","page","type-page","status-publish","hentry"],"_links":{"self":[{"href":"https:\/\/innovacioneducativa.imss.gob.mx\/sitio_wp\/wp-json\/wp\/v2\/pages\/6589","targetHints":{"allow":["GET"]}}],"collection":[{"href":"https:\/\/innovacioneducativa.imss.gob.mx\/sitio_wp\/wp-json\/wp\/v2\/pages"}],"about":[{"href":"https:\/\/innovacioneducativa.imss.gob.mx\/sitio_wp\/wp-json\/wp\/v2\/types\/page"}],"author":[{"embeddable":true,"href":"https:\/\/innovacioneducativa.imss.gob.mx\/sitio_wp\/wp-json\/wp\/v2\/users\/1"}],"replies":[{"embeddable":true,"href":"https:\/\/innovacioneducativa.imss.gob.mx\/sitio_wp\/wp-json\/wp\/v2\/comments?post=6589"}],"version-history":[{"count":41,"href":"https:\/\/innovacioneducativa.imss.gob.mx\/sitio_wp\/wp-json\/wp\/v2\/pages\/6589\/revisions"}],"predecessor-version":[{"id":9527,"href":"https:\/\/innovacioneducativa.imss.gob.mx\/sitio_wp\/wp-json\/wp\/v2\/pages\/6589\/revisions\/9527"}],"wp:attachment":[{"href":"https:\/\/innovacioneducativa.imss.gob.mx\/sitio_wp\/wp-json\/wp\/v2\/media?parent=6589"}],"curies":[{"name":"wp","href":"https:\/\/api.w.org\/{rel}","templated":true}]}}